{"id":269,"date":"2020-11-06T16:03:23","date_gmt":"2020-11-06T16:03:23","guid":{"rendered":"https:\/\/sabinakorga.com\/?page_id=269"},"modified":"2020-11-16T12:46:03","modified_gmt":"2020-11-16T12:46:03","slug":"contact-me","status":"publish","type":"page","link":"https:\/\/sabinakorga.com\/hu\/contact-me\/","title":{"rendered":"Kapcsolat"},"content":{"rendered":"<div id=\"fws_69e3a63762ff3\"  data-column-margin=\"default\" data-midnight=\"dark\"  class=\"wpb_row vc_row-fluid vc_row standard_section  right_padding_150px left_padding_150px right_padding_phone_0px left_padding_phone_0px\"  style=\"padding-top: 0px; padding-bottom: 0px; \"><div class=\"row-bg-wrap\" data-bg-animation=\"none\" data-bg-overlay=\"false\"><div class=\"inner-wrap\"><div class=\"row-bg\"  style=\"\"><\/div><\/div><div class=\"row-bg-overlay\" ><\/div><\/div><div class=\"row_col_wrap_12 col span_12 dark left\">\n\t<div  class=\"vc_col-sm-12 wpb_column column_container vc_column_container col no-extra-padding inherit_tablet inherit_phone\"  data-t-w-inherits=\"default\" data-bg-cover=\"\" data-padding-pos=\"all\" data-has-bg-color=\"false\" data-bg-color=\"\" data-bg-opacity=\"1\" data-hover-bg=\"\" data-hover-bg-opacity=\"1\" data-animation=\"\" data-delay=\"0\" >\n\t\t<div class=\"vc_column-inner\" ><div class=\"column-bg-overlay-wrap\" data-bg-animation=\"none\"><div class=\"column-bg-overlay\"><\/div><\/div>\n\t\t\t<div class=\"wpb_wrapper\">\n\t\t\t\t\r\n<div class=\"wpb_text_column wpb_content_element\" >\r\n\t<div class=\"wpb_wrapper\">\r\n\t\t<div class=\"wp-block-spacer\" style=\"height: 100px;\" aria-hidden=\"true\">\u00a0<\/div>\n<div class=\"wpforms-container wpforms-container-full wpforms-block contact-me-form\" id=\"wpforms-267\">\n<form id=\"wpforms-form-267\" class=\"wpforms-validate wpforms-form\" data-formid=\"267\" method=\"post\" enctype=\"multipart\/form-data\" action=\"\/hu\/wp-json\/wp\/v2\/pages\/269\" data-token=\"eb2969203f41bfc30ced7e436a557f95\" data-trp-original-action=\"\/hu\/wp-json\/wp\/v2\/pages\/269\"><noscript class=\"wpforms-error-noscript\">Please enable JavaScript in your browser to complete this form.<\/noscript><\/p>\n<div class=\"wpforms-field-container\">\n<div id=\"wpforms-267-field_0-container\" class=\"wpforms-field wpforms-field-name\" data-field-id=\"0\"><label class=\"wpforms-field-label\" for=\"wpforms-267-field_0\">N\u00e9v <span class=\"wpforms-required-label\">*<\/span><\/label><input type=\"text\" id=\"wpforms-267-field_0\" class=\"wpforms-field-medium wpforms-field-required\" name=\"wpforms&#091;fields&#093;&#091;0&#093;\" required><\/div>\n<div id=\"wpforms-267-field_1-container\" class=\"wpforms-field wpforms-field-email\" data-field-id=\"1\"><label class=\"wpforms-field-label\" for=\"wpforms-267-field_1\">Email <span class=\"wpforms-required-label\">*<\/span><\/label><input type=\"email\" id=\"wpforms-267-field_1\" class=\"wpforms-field-medium wpforms-field-required\" name=\"wpforms&#091;fields&#093;&#091;1&#093;\" spellcheck=\"false\" required><\/div>\n<div id=\"wpforms-267-field_2-container\" class=\"wpforms-field wpforms-field-textarea\" data-field-id=\"2\"><label class=\"wpforms-field-label\" for=\"wpforms-267-field_2\">\u00dczenet sz\u00f6vege <span class=\"wpforms-required-label\">*<\/span><\/label><textarea id=\"wpforms-267-field_2\" class=\"wpforms-field-medium wpforms-field-required\" name=\"wpforms&#091;fields&#093;&#091;2&#093;\" required><\/textarea><\/div>\n<div id=\"wpforms-267-field_5-container\" class=\"wpforms-field wpforms-field-gdpr-checkbox\" data-field-id=\"5\"><label class=\"wpforms-field-label\" for=\"wpforms-267-field_5\">GDPR Meg\u00e1llapod\u00e1s <span class=\"wpforms-required-label\">*<\/span><\/label><\/p>\n<ul id=\"wpforms-267-field_5\" class=\"wpforms-field-required\">\n<li class=\"choice-1\"><input type=\"checkbox\" id=\"wpforms-267-field_5_1\" name=\"wpforms&#091;fields&#093;&#091;5&#093;&#091;&#093;\" value=\"I consent to having this website store my submitted information so they can respond to my inquiry.\" required><label class=\"wpforms-field-label-inline\" for=\"wpforms-267-field_5_1\">Hozz\u00e1j\u00e1rulok ahhoz, hogy ez a weboldal t\u00e1rolja a bek\u00fcld\u00f6tt adataimat, annak \u00e9rdek\u00e9ben, hogy v\u00e1laszolhassanak a megkeres\u00e9semre.<\/label><\/li>\n<\/ul>\n<\/div>\n<\/div>\n<p><!-- .wpforms-field-container --><\/p>\n<div class=\"wpforms-submit-container\" ><input type=\"hidden\" name=\"wpforms&#091;id&#093;\" value=\"267\"><input type=\"hidden\" name=\"wpforms&#091;author&#093;\" value=\"1\"><button type=\"submit\" name=\"wpforms&#091;submit&#093;\" id=\"wpforms-submit-267\" class=\"wpforms-submit\" data-alt-text=\"Sending...\" data-submit-text=\"Submit\" aria-live=\"assertive\" value=\"wpforms-submit\">K\u00fcld\u00e9s<\/button><\/div>\n<input type=\"hidden\" name=\"trp-form-language\" value=\"hu\"\/><\/form>\n<\/div>\n<p>  <!-- .wpforms-container --><\/p>\n\t<\/div>\r\n<\/div>\r\n\r\n\r\n\r\n\n\t\t\t<\/div> \n\t\t<\/div>\n\t<\/div> \n<\/div><\/div>","protected":false},"excerpt":{"rendered":"\u00a0","protected":false},"author":1,"featured_media":0,"parent":0,"menu_order":0,"comment_status":"closed","ping_status":"closed","template":"","meta":{"footnotes":""},"_links":{"self":[{"href":"https:\/\/sabinakorga.com\/hu\/wp-json\/wp\/v2\/pages\/269"}],"collection":[{"href":"https:\/\/sabinakorga.com\/hu\/wp-json\/wp\/v2\/pages"}],"about":[{"href":"https:\/\/sabinakorga.com\/hu\/wp-json\/wp\/v2\/types\/page"}],"author":[{"embeddable":true,"href":"https:\/\/sabinakorga.com\/hu\/wp-json\/wp\/v2\/users\/1"}],"replies":[{"embeddable":true,"href":"https:\/\/sabinakorga.com\/hu\/wp-json\/wp\/v2\/comments?post=269"}],"version-history":[{"count":7,"href":"https:\/\/sabinakorga.com\/hu\/wp-json\/wp\/v2\/pages\/269\/revisions"}],"predecessor-version":[{"id":592,"href":"https:\/\/sabinakorga.com\/hu\/wp-json\/wp\/v2\/pages\/269\/revisions\/592"}],"wp:attachment":[{"href":"https:\/\/sabinakorga.com\/hu\/wp-json\/wp\/v2\/media?parent=269"}],"curies":[{"name":"wp","href":"https:\/\/api.w.org\/{rel}","templated":true}]}}